{"id":3101,"date":"2023-12-05T15:37:18","date_gmt":"2023-12-05T13:37:18","guid":{"rendered":"https:\/\/vetrine.eu\/recursos"},"modified":"2024-05-21T17:33:53","modified_gmt":"2024-05-21T15:33:53","slug":"recursos","status":"publish","type":"page","link":"https:\/\/vetrine.eu\/es\/recursos","title":{"rendered":"Recursos"},"content":{"rendered":"\t\t<div data-elementor-type=\"wp-page\" data-elementor-id=\"3101\" class=\"elementor elementor-3101 elementor-1305\">\n\t\t\t\t\t\t<section class=\"elementor-section elementor-top-section elementor-element elementor-element-150457d elementor-section-full_width qode_elementor_container_inner elementor-section-height-default elementor-section-height-default parallax_section_no\" data-id=\"150457d\" data-element_type=\"section\">\n\t\t\t\t\t\t<div class=\"elementor-container elementor-column-gap-default\">\n\t\t\t\t\t<div class=\"elementor-column elementor-col-100 elementor-top-column elementor-element elementor-element-725644f\" data-id=\"725644f\" data-element_type=\"column\">\n\t\t\t<div class=\"elementor-widget-wrap elementor-element-populated\">\n\t\t\t\t\t\t<div class=\"elementor-element elementor-element-871ab3c elementor-widget elementor-widget-heading\" data-id=\"871ab3c\" data-element_type=\"widget\" data-widget_type=\"heading.default\">\n\t\t\t\t<div class=\"elementor-widget-container\">\n\t\t\t\t\t<h3 class=\"elementor-heading-title elementor-size-default\">recursos<\/h3>\t\t\t\t<\/div>\n\t\t\t\t<\/div>\n\t\t\t\t<div class=\"elementor-element elementor-element-090e81f elementor-widget elementor-widget-text-editor\" data-id=\"090e81f\" data-element_type=\"widget\" data-widget_type=\"text-editor.default\">\n\t\t\t\t<div class=\"elementor-widget-container\">\n\t\t\t\t\t\t\t\t\t<p>VETRINE se compromete a desarrollar los recursos necesarios para la comunidad de T&amp;C. A medida que avance el proyecto, en esta p\u00e1gina encontrar\u00e1s cada vez m\u00e1s documentos \u00fatiles, listas y, con el tiempo, m\u00f3dulos de aprendizaje.  <\/p>\n<p>\u00bfNo quieres perderte la publicaci\u00f3n de nuevos recursos esenciales? Suscr\u00edbete a nuestro bolet\u00edn<\/p>\n\t\t\t\t\t\t\t\t<\/div>\n\t\t\t\t<\/div>\n\t\t\t\t<div class=\"elementor-element elementor-element-0f88e85 elementor-widget elementor-widget-spacer\" data-id=\"0f88e85\" data-element_type=\"widget\" data-widget_type=\"spacer.default\">\n\t\t\t\t<div class=\"elementor-widget-container\">\n\t\t\t\t\t\t\t<div class=\"elementor-spacer\">\n\t\t\t<div class=\"elementor-spacer-inner\"><\/div>\n\t\t<\/div>\n\t\t\t\t\t\t<\/div>\n\t\t\t\t<\/div>\n\t\t\t\t\t<\/div>\n\t\t<\/div>\n\t\t\t\t\t<\/div>\n\t\t<\/section>\n\t\t<div class=\"elementor-element elementor-element-1543a54 e-flex e-con-boxed parallax_section_no qode_elementor_container_no e-con e-parent\" data-id=\"1543a54\" data-element_type=\"container\">\n\t\t\t\t\t<div class=\"e-con-inner\">\n\t\t\t\t<div class=\"elementor-element elementor-element-7f69e41 elementor-widget elementor-widget-bridge_portfolio_list\" data-id=\"7f69e41\" data-element_type=\"widget\" data-widget_type=\"bridge_portfolio_list.default\">\n\t\t\t\t<div class=\"elementor-widget-container\">\n\t\t\t\t\t<div class='projects_holder_outer v3 portfolio_with_space portfolio_standard'>\n        <div class='projects_holder portfolio_main_holder clearfix v3 standard portfolio_full_image portfolio_one_by_one'>\n        \n        <article class='mix default' style=''>\n    \n    \n    \n    \n            <div class=\"item_holder split_up\">\n\n                <div class=\"text_holder\">\n    <div class=\"text_holder_outer\">\n        <div class=\"text_holder_inner\">\n            \n        <\/div>\n    <\/div>\n<\/div>\n\n                                    <a itemprop=\"url\" class=\"portfolio_link_class\" title=\"Curso online gratuito de VETRINA VERDE\" href=\"https:\/\/vetrine.eu\/es\/resource\/curso-online-gratuito-de-vetrina-verde\"><\/a>\n                \n                <div style=\"background-color: #02010100\" class=\"portfolio_shader\"><\/div>\n                <div class=\"image_holder\">\n                    \n<span class='image'><img fetchpriority=\"high\" decoding=\"async\" width=\"1500\" height=\"999\" src=\"https:\/\/vetrine.eu\/wp-content\/uploads\/2024\/11\/green-vetrine-course.jpg\" class=\"attachment-full size-full wp-post-image\" alt=\"\" srcset=\"https:\/\/vetrine.eu\/wp-content\/uploads\/2024\/11\/green-vetrine-course.jpg 1500w, https:\/\/vetrine.eu\/wp-content\/uploads\/2024\/11\/green-vetrine-course-300x200.jpg 300w, https:\/\/vetrine.eu\/wp-content\/uploads\/2024\/11\/green-vetrine-course-1024x682.jpg 1024w, https:\/\/vetrine.eu\/wp-content\/uploads\/2024\/11\/green-vetrine-course-768x511.jpg 768w, https:\/\/vetrine.eu\/wp-content\/uploads\/2024\/11\/green-vetrine-course-700x466.jpg 700w\" sizes=\"(max-width: 1500px) 100vw, 1500px\" \/><\/span>                <\/div>\n            <\/div>\n\n                <div class='portfolio_description ' >\n\n        \n    <h5 itemprop=\"name\" class=\"portfolio_title entry_title\"><a itemprop=\"url\" href=\"https:\/\/vetrine.eu\/es\/resource\/curso-online-gratuito-de-vetrina-verde\"  target=\"_self\"> Curso online gratuito de VETRINA VERDE<\/a><\/h5>\n\n\n        \n            <span class=\"project_category\"  >\n        <\/span>\n\n    <\/div>\n\n        \n<\/article>\n<article class='mix default' style=''>\n    \n    \n    \n    \n            <div class=\"item_holder split_up\">\n\n                <div class=\"text_holder\">\n    <div class=\"text_holder_outer\">\n        <div class=\"text_holder_inner\">\n            \n        <\/div>\n    <\/div>\n<\/div>\n\n                                    <a itemprop=\"url\" class=\"portfolio_link_class\" title=\"Descargar el estudio Vetrine\" href=\"https:\/\/vetrine.eu\/es\/resource\/descargar-el-estudio-vetrine\"><\/a>\n                \n                <div style=\"background-color: #02010100\" class=\"portfolio_shader\"><\/div>\n                <div class=\"image_holder\">\n                    \n<span class='image'><img decoding=\"async\" width=\"1500\" height=\"999\" src=\"https:\/\/vetrine.eu\/wp-content\/uploads\/2024\/05\/vetrine-study.jpg\" class=\"attachment-full size-full wp-post-image\" alt=\"\" srcset=\"https:\/\/vetrine.eu\/wp-content\/uploads\/2024\/05\/vetrine-study.jpg 1500w, https:\/\/vetrine.eu\/wp-content\/uploads\/2024\/05\/vetrine-study-300x200.jpg 300w, https:\/\/vetrine.eu\/wp-content\/uploads\/2024\/05\/vetrine-study-1024x682.jpg 1024w, https:\/\/vetrine.eu\/wp-content\/uploads\/2024\/05\/vetrine-study-768x511.jpg 768w, https:\/\/vetrine.eu\/wp-content\/uploads\/2024\/05\/vetrine-study-700x466.jpg 700w\" sizes=\"(max-width: 1500px) 100vw, 1500px\" \/><\/span>                <\/div>\n            <\/div>\n\n                <div class='portfolio_description ' >\n\n        \n    <h5 itemprop=\"name\" class=\"portfolio_title entry_title\"><a itemprop=\"url\" href=\"https:\/\/vetrine.eu\/es\/resource\/descargar-el-estudio-vetrine\"  target=\"_self\"> Descargar el estudio Vetrine<\/a><\/h5>\n\n\n        \n            <span class=\"project_category\"  >\n        <\/span>\n\n    <\/div>\n\n        \n<\/article>\n        <div class='filler'><\/div>\n            <div class='filler'><\/div>\n            <div class='filler'><\/div>\n        <\/div>\n\n    \n    <\/div>\t\t\t\t<\/div>\n\t\t\t\t<\/div>\n\t\t\t\t\t<\/div>\n\t\t\t\t<\/div>\n\t\t<div class=\"elementor-element elementor-element-225643e e-flex e-con-boxed parallax_section_no qode_elementor_container_no e-con e-parent\" data-id=\"225643e\" data-element_type=\"container\">\n\t\t\t\t\t<div class=\"e-con-inner\">\n\t\t\t\t<div class=\"elementor-element elementor-element-e4b195f elementor-widget-divider--view-line elementor-widget elementor-widget-divider\" data-id=\"e4b195f\" data-element_type=\"widget\" data-widget_type=\"divider.default\">\n\t\t\t\t<div class=\"elementor-widget-container\">\n\t\t\t\t\t\t\t<div class=\"elementor-divider\">\n\t\t\t<span class=\"elementor-divider-separator\">\n\t\t\t\t\t\t<\/span>\n\t\t<\/div>\n\t\t\t\t\t\t<\/div>\n\t\t\t\t<\/div>\n\t\t\t\t<div class=\"elementor-element elementor-element-e28106e elementor-widget elementor-widget-html\" data-id=\"e28106e\" data-element_type=\"widget\" data-widget_type=\"html.default\">\n\t\t\t\t<div class=\"elementor-widget-container\">\n\t\t\t\t\t<div id=\"mc_embed_shell\">\n      <link href=\"\/\/cdn-images.mailchimp.com\/embedcode\/classic-061523.css\" rel=\"stylesheet\" type=\"text\/css\">\n  <style type=\"text\/css\">\n        #mc_embed_signup{background:#fff; false;clear:left; font:14px Helvetica,Arial,sans-serif; width: 100%;}\n        \/* Add your own Mailchimp form style overrides in your site stylesheet or in this style block.\n           We recommend moving this block and the preceding CSS link to the HEAD of your HTML file. *\/\n<\/style><style type=\"text\/css\">\n        #mc-embedded-subscribe-form input[type=checkbox]{display: inline; width: auto;margin-right: 10px;}\n#mergeRow-gdpr {margin-top: 20px;}\n#mergeRow-gdpr fieldset label {font-weight: normal;}\n#mc-embedded-subscribe-form .mc_fieldset{border:none;min-height: 0px;padding-bottom:0px;}\n<\/style>\n<div id=\"mc_embed_signup\">\n    <form action=\"https:\/\/flod.us8.list-manage.com\/subscribe\/post?u=a35adfb3bc140d8b8140b0be7&amp;id=921f131149&amp;v_id=3706&amp;f_id=00f9b1e3f0\" method=\"post\" id=\"mc-embedded-subscribe-form\" name=\"mc-embedded-subscribe-form\" class=\"validate\" target=\"_blank\">\n        <div id=\"mc_embed_signup_scroll\"><h2>Suscr\u00edbase al bolet\u00edn de VETRINE<\/h2>\n            <div class=\"indicates-required\"><span class=\"asterisk\">*<\/span> indica que es necesario<\/div>\n            <div class=\"mc-field-group\"><label for=\"mce-EMAIL\">Direcci\u00f3n de correo electr\u00f3nico <span class=\"asterisk\">*<\/span><\/label><input type=\"email\" name=\"EMAIL\" class=\"required email\" id=\"mce-EMAIL\" required=\"\" value=\"\"><\/div><div class=\"mc-field-group\"><label for=\"mce-FNAME\">Nombre  <\/label><input type=\"text\" name=\"FNAME\" class=\" text\" id=\"mce-FNAME\" value=\"\"><\/div><div class=\"mc-field-group\"><label for=\"mce-LNAME\">Apellido  <\/label><input type=\"text\" name=\"LNAME\" class=\" text\" id=\"mce-LNAME\" value=\"\"><\/div><div id=\"mergeRow-gdpr\" class=\"mergeRow gdpr-mergeRow content__gdprBlock mc-field-group\"><div class=\"content__gdpr\"><label>Permisos de marketing<\/label><p>  Acepto la pol\u00edtica de privacidad y estoy de acuerdo en recibir (con poca frecuencia) boletines informativos sobre el proyecto VETRINE<\/p><fieldset class=\"mc_fieldset gdprRequired mc-field-group\" name=\"interestgroup_field\"><label class=\"checkbox subfield\" for=\"gdpr42962\"><input type=\"checkbox\" id=\"gdpr_42962\" name=\"gdpr[42962]\" class=\"gdpr\" value=\"Y\"><span>Correo electr\u00f3nico<\/span><\/label><\/fieldset><p>Puede darse de baja en cualquier momento haciendo clic en el enlace que aparece en el pie de p\u00e1gina de nuestros correos electr\u00f3nicos.<\/p><\/div><div class=\"content__gdprLegal\"><p>Utilizamos Mailchimp como plataforma de marketing. Al hacer clic abajo para suscribirte, reconoces que tu informaci\u00f3n ser\u00e1 transferida a Mailchimp para su procesamiento. <a href=\"https:\/\/mailchimp.com\/legal\/terms\">M\u00e1s<\/a> informaci\u00f3n sobre las pr\u00e1cticas de privacidad de Mailchimp.<\/p><\/div><\/div>\n        <div id=\"mce-responses\" class=\"clear foot\">\n            <div class=\"response\" id=\"mce-error-response\" style=\"display: none;\"><\/div>\n            <div class=\"response\" id=\"mce-success-response\" style=\"display: none;\"><\/div>\n        <\/div>\n    <div aria-hidden=\"true\" style=\"position: absolute; left: -5000px;\">\n  \/* la gente real no deber\u00eda rellenar esto y esperar cosas buenas - no elimines esto o te arriesgas a que se registren bots de formularios *\/\n        <input type=\"text\" name=\"b_a35adfb3bc140d8b8140b0be7_921f131149\" tabindex=\"-1\" value=\"\">\n    <\/div>\n        <div class=\"optionalParent\">\n            <div class=\"clear foot\">\n                <input type=\"submit\" name=\"subscribe\" id=\"mc-embedded-subscribe\" class=\"button\" value=\"Suscr\u00edbase a\">\n                <p style=\"margin: 0px auto;\"><a href=\"http:\/\/eepurl.com\/iFx9s2\" title=\"Mailchimp - marketing por correo electr\u00f3nico f\u00e1cil y divertido\"><span style=\"display: inline-block; background-color: transparent; border-radius: 4px;\"><img decoding=\"async\" class=\"refferal_badge\" src=\"https:\/\/digitalasset.intuit.com\/render\/content\/dam\/intuit\/mc-fe\/en_us\/images\/intuit-mc-rewards-text-dark.svg\" alt=\"Intuit Mailchimp\" style=\"width: 220px; height: 40px; display: flex; padding: 2px 0px; justify-content: center; align-items: center;\"><\/span><\/a><\/p>\n            <\/div>\n        <\/div>\n    <\/div>\n<\/form>\n<\/div>\n<script type=\"text\/javascript\" src=\"\/\/s3.amazonaws.com\/downloads.mailchimp.com\/js\/mc-validate.js\"><\/script><script type=\"text\/javascript\">(function($) {window.fnames = new Array(); window.ftypes = new Array();fnames[0]='EMAIL';ftypes[0]='email';fnames[1]='FNAME';ftypes[1]='text';fnames[2]='LNAME';ftypes[2]='text';fnames[3]='ADDRESS';ftypes[3]='address';fnames[4]='PHONE';ftypes[4]='phone';fnames[5]='BIRTHDAY';ftypes[5]='birthday';}(jQuery));var $mcj = jQuery.noConflict(true);<\/script><\/div>\n\t\t\t\t<\/div>\n\t\t\t\t<\/div>\n\t\t\t\t\t<\/div>\n\t\t\t\t<\/div>\n\t\t\t\t<\/div>\n\t\t","protected":false},"excerpt":{"rendered":"<p>recursos VETRINE se compromete a desarrollar los recursos necesarios para la comunidad de T&amp;C. A medida que avance el proyecto, en esta p\u00e1gina encontrar\u00e1s cada vez m\u00e1s documentos \u00fatiles, listas y, con el tiempo, m\u00f3dulos de aprendizaje. \u00bfNo quieres perderte la publicaci\u00f3n de nuevos recursos&#8230;<\/p>\n","protected":false},"author":1,"featured_media":0,"parent":0,"menu_order":0,"comment_status":"closed","ping_status":"closed","template":"","meta":{"content-type":"","footnotes":""},"class_list":["post-3101","page","type-page","status-publish","hentry"],"yoast_head":"<!-- This site is optimized with the Yoast SEO plugin v26.4 - https:\/\/yoast.com\/wordpress\/plugins\/seo\/ -->\n<title>Recursos - Vetrine<\/title>\n<meta name=\"description\" content=\"Descubre documentos \u00fatiles, listas y m\u00f3dulos de aprendizaje del proyecto Vetrine en el \u00e1mbito de la industria sostenible de T&amp;C.\" \/>\n<meta name=\"robots\" content=\"index, follow, max-snippet:-1, max-image-preview:large, max-video-preview:-1\" \/>\n<link rel=\"canonical\" href=\"https:\/\/vetrine.eu\/es\/recursos\" \/>\n<meta property=\"og:locale\" content=\"es_ES\" \/>\n<meta property=\"og:type\" content=\"article\" \/>\n<meta property=\"og:title\" content=\"Recursos - Vetrine\" \/>\n<meta property=\"og:description\" content=\"Descubre documentos \u00fatiles, listas y m\u00f3dulos de aprendizaje del proyecto Vetrine en el \u00e1mbito de la industria sostenible de T&amp;C.\" \/>\n<meta property=\"og:url\" content=\"https:\/\/vetrine.eu\/es\/recursos\" \/>\n<meta property=\"og:site_name\" content=\"Vetrine\" \/>\n<meta property=\"article:publisher\" content=\"https:\/\/www.facebook.com\/vetrine.eu\" \/>\n<meta property=\"article:modified_time\" content=\"2024-05-21T15:33:53+00:00\" \/>\n<meta property=\"og:image\" content=\"https:\/\/vetrine.eu\/wp-content\/uploads\/2024\/05\/vetrine-study.jpg\" \/>\n<meta name=\"twitter:card\" content=\"summary_large_image\" \/>\n<meta name=\"twitter:label1\" content=\"Tiempo de lectura\" \/>\n\t<meta name=\"twitter:data1\" content=\"1 minuto\" \/>\n<script type=\"application\/ld+json\" class=\"yoast-schema-graph\">{\"@context\":\"https:\/\/schema.org\",\"@graph\":[{\"@type\":\"WebPage\",\"@id\":\"https:\/\/vetrine.eu\/es\/recursos\",\"url\":\"https:\/\/vetrine.eu\/es\/recursos\",\"name\":\"Recursos - Vetrine\",\"isPartOf\":{\"@id\":\"https:\/\/vetrine.eu\/es#website\"},\"primaryImageOfPage\":{\"@id\":\"https:\/\/vetrine.eu\/es\/recursos#primaryimage\"},\"image\":{\"@id\":\"https:\/\/vetrine.eu\/es\/recursos#primaryimage\"},\"thumbnailUrl\":\"https:\/\/vetrine.eu\/wp-content\/uploads\/2024\/05\/vetrine-study.jpg\",\"datePublished\":\"2023-12-05T13:37:18+00:00\",\"dateModified\":\"2024-05-21T15:33:53+00:00\",\"description\":\"Descubre documentos \u00fatiles, listas y m\u00f3dulos de aprendizaje del proyecto Vetrine en el \u00e1mbito de la industria sostenible de T&C.\",\"breadcrumb\":{\"@id\":\"https:\/\/vetrine.eu\/es\/recursos#breadcrumb\"},\"inLanguage\":\"es\",\"potentialAction\":[{\"@type\":\"ReadAction\",\"target\":[\"https:\/\/vetrine.eu\/es\/recursos\"]}]},{\"@type\":\"ImageObject\",\"inLanguage\":\"es\",\"@id\":\"https:\/\/vetrine.eu\/es\/recursos#primaryimage\",\"url\":\"https:\/\/vetrine.eu\/wp-content\/uploads\/2024\/05\/vetrine-study.jpg\",\"contentUrl\":\"https:\/\/vetrine.eu\/wp-content\/uploads\/2024\/05\/vetrine-study.jpg\"},{\"@type\":\"BreadcrumbList\",\"@id\":\"https:\/\/vetrine.eu\/es\/recursos#breadcrumb\",\"itemListElement\":[{\"@type\":\"ListItem\",\"position\":1,\"name\":\"Home\",\"item\":\"https:\/\/vetrine.eu\/es\"},{\"@type\":\"ListItem\",\"position\":2,\"name\":\"Recursos\"}]},{\"@type\":\"WebSite\",\"@id\":\"https:\/\/vetrine.eu\/es#website\",\"url\":\"https:\/\/vetrine.eu\/es\",\"name\":\"Vetrine\",\"description\":\"Vocational Education &amp; Training towards re-inventing apparel procedures\",\"publisher\":{\"@id\":\"https:\/\/vetrine.eu\/es#organization\"},\"potentialAction\":[{\"@type\":\"SearchAction\",\"target\":{\"@type\":\"EntryPoint\",\"urlTemplate\":\"https:\/\/vetrine.eu\/es?s={search_term_string}\"},\"query-input\":{\"@type\":\"PropertyValueSpecification\",\"valueRequired\":true,\"valueName\":\"search_term_string\"}}],\"inLanguage\":\"es\"},{\"@type\":\"Organization\",\"@id\":\"https:\/\/vetrine.eu\/es#organization\",\"name\":\"Vetrine\",\"url\":\"https:\/\/vetrine.eu\/es\",\"logo\":{\"@type\":\"ImageObject\",\"inLanguage\":\"es\",\"@id\":\"https:\/\/vetrine.eu\/es#\/schema\/logo\/image\/\",\"url\":\"https:\/\/vetrine.eu\/wp-content\/uploads\/2023\/11\/Vetrine-colore.png\",\"contentUrl\":\"https:\/\/vetrine.eu\/wp-content\/uploads\/2023\/11\/Vetrine-colore.png\",\"width\":3736,\"height\":3918,\"caption\":\"Vetrine\"},\"image\":{\"@id\":\"https:\/\/vetrine.eu\/es#\/schema\/logo\/image\/\"},\"sameAs\":[\"https:\/\/www.facebook.com\/vetrine.eu\",\"https:\/\/www.instagram.com\/vetrine_eu\",\"https:\/\/www.linkedin.com\/company\/vetrine-eu\/about\/\"]}]}<\/script>\n<!-- \/ Yoast SEO plugin. -->","yoast_head_json":{"title":"Recursos - Vetrine","description":"Descubre documentos \u00fatiles, listas y m\u00f3dulos de aprendizaje del proyecto Vetrine en el \u00e1mbito de la industria sostenible de T&C.","robots":{"index":"index","follow":"follow","max-snippet":"max-snippet:-1","max-image-preview":"max-image-preview:large","max-video-preview":"max-video-preview:-1"},"canonical":"https:\/\/vetrine.eu\/es\/recursos","og_locale":"es_ES","og_type":"article","og_title":"Recursos - Vetrine","og_description":"Descubre documentos \u00fatiles, listas y m\u00f3dulos de aprendizaje del proyecto Vetrine en el \u00e1mbito de la industria sostenible de T&C.","og_url":"https:\/\/vetrine.eu\/es\/recursos","og_site_name":"Vetrine","article_publisher":"https:\/\/www.facebook.com\/vetrine.eu","article_modified_time":"2024-05-21T15:33:53+00:00","og_image":[{"url":"https:\/\/vetrine.eu\/wp-content\/uploads\/2024\/05\/vetrine-study.jpg","type":"","width":"","height":""}],"twitter_card":"summary_large_image","twitter_misc":{"Tiempo de lectura":"1 minuto"},"schema":{"@context":"https:\/\/schema.org","@graph":[{"@type":"WebPage","@id":"https:\/\/vetrine.eu\/es\/recursos","url":"https:\/\/vetrine.eu\/es\/recursos","name":"Recursos - Vetrine","isPartOf":{"@id":"https:\/\/vetrine.eu\/es#website"},"primaryImageOfPage":{"@id":"https:\/\/vetrine.eu\/es\/recursos#primaryimage"},"image":{"@id":"https:\/\/vetrine.eu\/es\/recursos#primaryimage"},"thumbnailUrl":"https:\/\/vetrine.eu\/wp-content\/uploads\/2024\/05\/vetrine-study.jpg","datePublished":"2023-12-05T13:37:18+00:00","dateModified":"2024-05-21T15:33:53+00:00","description":"Descubre documentos \u00fatiles, listas y m\u00f3dulos de aprendizaje del proyecto Vetrine en el \u00e1mbito de la industria sostenible de T&C.","breadcrumb":{"@id":"https:\/\/vetrine.eu\/es\/recursos#breadcrumb"},"inLanguage":"es","potentialAction":[{"@type":"ReadAction","target":["https:\/\/vetrine.eu\/es\/recursos"]}]},{"@type":"ImageObject","inLanguage":"es","@id":"https:\/\/vetrine.eu\/es\/recursos#primaryimage","url":"https:\/\/vetrine.eu\/wp-content\/uploads\/2024\/05\/vetrine-study.jpg","contentUrl":"https:\/\/vetrine.eu\/wp-content\/uploads\/2024\/05\/vetrine-study.jpg"},{"@type":"BreadcrumbList","@id":"https:\/\/vetrine.eu\/es\/recursos#breadcrumb","itemListElement":[{"@type":"ListItem","position":1,"name":"Home","item":"https:\/\/vetrine.eu\/es"},{"@type":"ListItem","position":2,"name":"Recursos"}]},{"@type":"WebSite","@id":"https:\/\/vetrine.eu\/es#website","url":"https:\/\/vetrine.eu\/es","name":"Vetrine","description":"Vocational Education &amp; Training towards re-inventing apparel procedures","publisher":{"@id":"https:\/\/vetrine.eu\/es#organization"},"potentialAction":[{"@type":"SearchAction","target":{"@type":"EntryPoint","urlTemplate":"https:\/\/vetrine.eu\/es?s={search_term_string}"},"query-input":{"@type":"PropertyValueSpecification","valueRequired":true,"valueName":"search_term_string"}}],"inLanguage":"es"},{"@type":"Organization","@id":"https:\/\/vetrine.eu\/es#organization","name":"Vetrine","url":"https:\/\/vetrine.eu\/es","logo":{"@type":"ImageObject","inLanguage":"es","@id":"https:\/\/vetrine.eu\/es#\/schema\/logo\/image\/","url":"https:\/\/vetrine.eu\/wp-content\/uploads\/2023\/11\/Vetrine-colore.png","contentUrl":"https:\/\/vetrine.eu\/wp-content\/uploads\/2023\/11\/Vetrine-colore.png","width":3736,"height":3918,"caption":"Vetrine"},"image":{"@id":"https:\/\/vetrine.eu\/es#\/schema\/logo\/image\/"},"sameAs":["https:\/\/www.facebook.com\/vetrine.eu","https:\/\/www.instagram.com\/vetrine_eu","https:\/\/www.linkedin.com\/company\/vetrine-eu\/about\/"]}]}},"_links":{"self":[{"href":"https:\/\/vetrine.eu\/es\/wp-json\/wp\/v2\/pages\/3101","targetHints":{"allow":["GET"]}}],"collection":[{"href":"https:\/\/vetrine.eu\/es\/wp-json\/wp\/v2\/pages"}],"about":[{"href":"https:\/\/vetrine.eu\/es\/wp-json\/wp\/v2\/types\/page"}],"author":[{"embeddable":true,"href":"https:\/\/vetrine.eu\/es\/wp-json\/wp\/v2\/users\/1"}],"replies":[{"embeddable":true,"href":"https:\/\/vetrine.eu\/es\/wp-json\/wp\/v2\/comments?post=3101"}],"version-history":[{"count":1,"href":"https:\/\/vetrine.eu\/es\/wp-json\/wp\/v2\/pages\/3101\/revisions"}],"predecessor-version":[{"id":3102,"href":"https:\/\/vetrine.eu\/es\/wp-json\/wp\/v2\/pages\/3101\/revisions\/3102"}],"wp:attachment":[{"href":"https:\/\/vetrine.eu\/es\/wp-json\/wp\/v2\/media?parent=3101"}],"curies":[{"name":"wp","href":"https:\/\/api.w.org\/{rel}","templated":true}]}}