{"id":3109,"date":"2023-12-05T15:37:18","date_gmt":"2023-12-05T13:37:18","guid":{"rendered":"https:\/\/vetrine.eu\/ressources"},"modified":"2024-05-21T17:35:09","modified_gmt":"2024-05-21T15:35:09","slug":"ressources","status":"publish","type":"page","link":"https:\/\/vetrine.eu\/fr\/ressources","title":{"rendered":"Ressources"},"content":{"rendered":"\t\t<div data-elementor-type=\"wp-page\" data-elementor-id=\"3109\" class=\"elementor elementor-3109 elementor-1305\">\n\t\t\t\t\t\t<section class=\"elementor-section elementor-top-section elementor-element elementor-element-150457d elementor-section-full_width qode_elementor_container_inner elementor-section-height-default elementor-section-height-default parallax_section_no\" data-id=\"150457d\" data-element_type=\"section\">\n\t\t\t\t\t\t<div class=\"elementor-container elementor-column-gap-default\">\n\t\t\t\t\t<div class=\"elementor-column elementor-col-100 elementor-top-column elementor-element elementor-element-725644f\" data-id=\"725644f\" data-element_type=\"column\">\n\t\t\t<div class=\"elementor-widget-wrap elementor-element-populated\">\n\t\t\t\t\t\t<div class=\"elementor-element elementor-element-871ab3c elementor-widget elementor-widget-heading\" data-id=\"871ab3c\" data-element_type=\"widget\" data-widget_type=\"heading.default\">\n\t\t\t\t<div class=\"elementor-widget-container\">\n\t\t\t\t\t<h3 class=\"elementor-heading-title elementor-size-default\">ressources<\/h3>\t\t\t\t<\/div>\n\t\t\t\t<\/div>\n\t\t\t\t<div class=\"elementor-element elementor-element-090e81f elementor-widget elementor-widget-text-editor\" data-id=\"090e81f\" data-element_type=\"widget\" data-widget_type=\"text-editor.default\">\n\t\t\t\t<div class=\"elementor-widget-container\">\n\t\t\t\t\t\t\t\t\t<p>VETRINE s&rsquo;engage \u00e0 d\u00e9velopper les ressources n\u00e9cessaires \u00e0 la communaut\u00e9 T&amp;C. Au fur et \u00e0 mesure de l&rsquo;avancement du projet, vous trouverez sur cette page un nombre croissant de documents utiles, de listes et, \u00e9ventuellement, de modules d&rsquo;apprentissage.  <\/p>\n<p>Vous ne voulez pas manquer la publication de nouvelles ressources essentielles ? Inscrivez-vous \u00e0 notre lettre d&rsquo;information !<\/p>\n\t\t\t\t\t\t\t\t<\/div>\n\t\t\t\t<\/div>\n\t\t\t\t<div class=\"elementor-element elementor-element-0f88e85 elementor-widget elementor-widget-spacer\" data-id=\"0f88e85\" data-element_type=\"widget\" data-widget_type=\"spacer.default\">\n\t\t\t\t<div class=\"elementor-widget-container\">\n\t\t\t\t\t\t\t<div class=\"elementor-spacer\">\n\t\t\t<div class=\"elementor-spacer-inner\"><\/div>\n\t\t<\/div>\n\t\t\t\t\t\t<\/div>\n\t\t\t\t<\/div>\n\t\t\t\t\t<\/div>\n\t\t<\/div>\n\t\t\t\t\t<\/div>\n\t\t<\/section>\n\t\t<div class=\"elementor-element elementor-element-1543a54 e-flex e-con-boxed parallax_section_no qode_elementor_container_no e-con e-parent\" data-id=\"1543a54\" data-element_type=\"container\">\n\t\t\t\t\t<div class=\"e-con-inner\">\n\t\t\t\t<div class=\"elementor-element elementor-element-7f69e41 elementor-widget elementor-widget-bridge_portfolio_list\" data-id=\"7f69e41\" data-element_type=\"widget\" data-widget_type=\"bridge_portfolio_list.default\">\n\t\t\t\t<div class=\"elementor-widget-container\">\n\t\t\t\t\t<div class='projects_holder_outer v3 portfolio_with_space portfolio_standard'>\n        <div class='projects_holder portfolio_main_holder clearfix v3 standard portfolio_full_image portfolio_one_by_one'>\n        \n        <article class='mix default' style=''>\n    \n    \n    \n    \n            <div class=\"item_holder split_up\">\n\n                <div class=\"text_holder\">\n    <div class=\"text_holder_outer\">\n        <div class=\"text_holder_inner\">\n            \n        <\/div>\n    <\/div>\n<\/div>\n\n                                    <a itemprop=\"url\" class=\"portfolio_link_class\" title=\"Cours en ligne gratuit de Green VETRINE\" href=\"https:\/\/vetrine.eu\/fr\/resource\/cours-en-ligne-gratuit-de-green-vetrine\"><\/a>\n                \n                <div style=\"background-color: #02010100\" class=\"portfolio_shader\"><\/div>\n                <div class=\"image_holder\">\n                    \n<span class='image'><img fetchpriority=\"high\" decoding=\"async\" width=\"1500\" height=\"999\" src=\"https:\/\/vetrine.eu\/wp-content\/uploads\/2024\/11\/green-vetrine-course.jpg\" class=\"attachment-full size-full wp-post-image\" alt=\"\" srcset=\"https:\/\/vetrine.eu\/wp-content\/uploads\/2024\/11\/green-vetrine-course.jpg 1500w, https:\/\/vetrine.eu\/wp-content\/uploads\/2024\/11\/green-vetrine-course-300x200.jpg 300w, https:\/\/vetrine.eu\/wp-content\/uploads\/2024\/11\/green-vetrine-course-1024x682.jpg 1024w, https:\/\/vetrine.eu\/wp-content\/uploads\/2024\/11\/green-vetrine-course-768x511.jpg 768w, https:\/\/vetrine.eu\/wp-content\/uploads\/2024\/11\/green-vetrine-course-700x466.jpg 700w\" sizes=\"(max-width: 1500px) 100vw, 1500px\" \/><\/span>                <\/div>\n            <\/div>\n\n                <div class='portfolio_description ' >\n\n        \n    <h5 itemprop=\"name\" class=\"portfolio_title entry_title\"><a itemprop=\"url\" href=\"https:\/\/vetrine.eu\/fr\/resource\/cours-en-ligne-gratuit-de-green-vetrine\"  target=\"_self\"> Cours en ligne gratuit de Green VETRINE<\/a><\/h5>\n\n\n        \n            <span class=\"project_category\"  >\n        <\/span>\n\n    <\/div>\n\n        \n<\/article>\n<article class='mix default' style=''>\n    \n    \n    \n    \n            <div class=\"item_holder split_up\">\n\n                <div class=\"text_holder\">\n    <div class=\"text_holder_outer\">\n        <div class=\"text_holder_inner\">\n            \n        <\/div>\n    <\/div>\n<\/div>\n\n                                    <a itemprop=\"url\" class=\"portfolio_link_class\" title=\"T\u00e9l\u00e9chargez l&rsquo;\u00e9tude Vetrine\" href=\"https:\/\/vetrine.eu\/fr\/resource\/telechargez-letude-vetrine\"><\/a>\n                \n                <div style=\"background-color: #02010100\" class=\"portfolio_shader\"><\/div>\n                <div class=\"image_holder\">\n                    \n<span class='image'><img decoding=\"async\" width=\"1500\" height=\"999\" src=\"https:\/\/vetrine.eu\/wp-content\/uploads\/2024\/05\/vetrine-study.jpg\" class=\"attachment-full size-full wp-post-image\" alt=\"\" srcset=\"https:\/\/vetrine.eu\/wp-content\/uploads\/2024\/05\/vetrine-study.jpg 1500w, https:\/\/vetrine.eu\/wp-content\/uploads\/2024\/05\/vetrine-study-300x200.jpg 300w, https:\/\/vetrine.eu\/wp-content\/uploads\/2024\/05\/vetrine-study-1024x682.jpg 1024w, https:\/\/vetrine.eu\/wp-content\/uploads\/2024\/05\/vetrine-study-768x511.jpg 768w, https:\/\/vetrine.eu\/wp-content\/uploads\/2024\/05\/vetrine-study-700x466.jpg 700w\" sizes=\"(max-width: 1500px) 100vw, 1500px\" \/><\/span>                <\/div>\n            <\/div>\n\n                <div class='portfolio_description ' >\n\n        \n    <h5 itemprop=\"name\" class=\"portfolio_title entry_title\"><a itemprop=\"url\" href=\"https:\/\/vetrine.eu\/fr\/resource\/telechargez-letude-vetrine\"  target=\"_self\"> T\u00e9l\u00e9chargez l&rsquo;\u00e9tude Vetrine<\/a><\/h5>\n\n\n        \n            <span class=\"project_category\"  >\n        <\/span>\n\n    <\/div>\n\n        \n<\/article>\n        <div class='filler'><\/div>\n            <div class='filler'><\/div>\n            <div class='filler'><\/div>\n        <\/div>\n\n    \n    <\/div>\t\t\t\t<\/div>\n\t\t\t\t<\/div>\n\t\t\t\t\t<\/div>\n\t\t\t\t<\/div>\n\t\t<div class=\"elementor-element elementor-element-225643e e-flex e-con-boxed parallax_section_no qode_elementor_container_no e-con e-parent\" data-id=\"225643e\" data-element_type=\"container\">\n\t\t\t\t\t<div class=\"e-con-inner\">\n\t\t\t\t<div class=\"elementor-element elementor-element-e4b195f elementor-widget-divider--view-line elementor-widget elementor-widget-divider\" data-id=\"e4b195f\" data-element_type=\"widget\" data-widget_type=\"divider.default\">\n\t\t\t\t<div class=\"elementor-widget-container\">\n\t\t\t\t\t\t\t<div class=\"elementor-divider\">\n\t\t\t<span class=\"elementor-divider-separator\">\n\t\t\t\t\t\t<\/span>\n\t\t<\/div>\n\t\t\t\t\t\t<\/div>\n\t\t\t\t<\/div>\n\t\t\t\t<div class=\"elementor-element elementor-element-e28106e elementor-widget elementor-widget-html\" data-id=\"e28106e\" data-element_type=\"widget\" data-widget_type=\"html.default\">\n\t\t\t\t<div class=\"elementor-widget-container\">\n\t\t\t\t\t<div id=\"mc_embed_shell\">\n      <link href=\"\/\/cdn-images.mailchimp.com\/embedcode\/classic-061523.css\" rel=\"stylesheet\" type=\"text\/css\">\n  <style type=\"text\/css\">\n        #mc_embed_signup{background:#fff; false;clear:left; font:14px Helvetica,Arial,sans-serif; width: 100%;}\n        \/* Add your own Mailchimp form style overrides in your site stylesheet or in this style block.\n           We recommend moving this block and the preceding CSS link to the HEAD of your HTML file. *\/\n<\/style><style type=\"text\/css\">\n        #mc-embedded-subscribe-form input[type=checkbox]{display: inline; width: auto;margin-right: 10px;}\n#mergeRow-gdpr {margin-top: 20px;}\n#mergeRow-gdpr fieldset label {font-weight: normal;}\n#mc-embedded-subscribe-form .mc_fieldset{border:none;min-height: 0px;padding-bottom:0px;}\n<\/style>\n<div id=\"mc_embed_signup\">\n    <form action=\"https:\/\/flod.us8.list-manage.com\/subscribe\/post?u=a35adfb3bc140d8b8140b0be7&amp;id=921f131149&amp;v_id=3706&amp;f_id=00f9b1e3f0\" method=\"post\" id=\"mc-embedded-subscribe-form\" name=\"mc-embedded-subscribe-form\" class=\"validate\" target=\"_blank\">\n        <div id=\"mc_embed_signup_scroll\"><h2>S'abonner \u00e0 la lettre d'information VETRINE<\/h2>\n            <div class=\"indicates-required\"><span class=\"asterisk\">*<\/span> indique qu'il est n\u00e9cessaire<\/div>\n            <div class=\"mc-field-group\"><label for=\"mce-EMAIL\">Adresse \u00e9lectronique <span class=\"asterisk\">*<\/span><\/label><input type=\"email\" name=\"EMAIL\" class=\"required email\" id=\"mce-EMAIL\" required=\"\" value=\"\"><\/div><div class=\"mc-field-group\"><label for=\"mce-FNAME\">Pr\u00e9nom <\/label><input type=\"text\" name=\"FNAME\" class=\" text\" id=\"mce-FNAME\" value=\"\"><\/div><div class=\"mc-field-group\"><label for=\"mce-LNAME\">Nom de famille <\/label><input type=\"text\" name=\"LNAME\" class=\" text\" id=\"mce-LNAME\" value=\"\"><\/div><div id=\"mergeRow-gdpr\" class=\"mergeRow gdpr-mergeRow content__gdprBlock mc-field-group\"><div class=\"content__gdpr\"><label>Permissions de marketing<\/label><p> J'accepte la politique de confidentialit\u00e9 et je consens \u00e0 recevoir des bulletins d'information (peu fr\u00e9quents) sur le projet VETRINE.<\/p><fieldset class=\"mc_fieldset gdprRequired mc-field-group\" name=\"interestgroup_field\"><label class=\"checkbox subfield\" for=\"gdpr42962\"><input type=\"checkbox\" id=\"gdpr_42962\" name=\"gdpr[42962]\" class=\"gdpr\" value=\"Y\"><span>Courriel<\/span><\/label><\/fieldset><p>Vous pouvez vous d\u00e9sinscrire \u00e0 tout moment en cliquant sur le lien figurant dans le pied de page de nos courriels.<\/p><\/div><div class=\"content__gdprLegal\"><p>Nous utilisons Mailchimp comme plateforme de marketing. En cliquant ci-dessous pour vous abonner, vous reconnaissez que vos informations seront transf\u00e9r\u00e9es \u00e0 Mailchimp pour traitement. En <a href=\"https:\/\/mailchimp.com\/legal\/terms\">savoir plus<\/a> sur les pratiques de Mailchimp en mati\u00e8re de protection de la vie priv\u00e9e.<\/p><\/div><\/div>\n        <div id=\"mce-responses\" class=\"clear foot\">\n            <div class=\"response\" id=\"mce-error-response\" style=\"display: none;\"><\/div>\n            <div class=\"response\" id=\"mce-success-response\" style=\"display: none;\"><\/div>\n        <\/div>\n    <div aria-hidden=\"true\" style=\"position: absolute; left: -5000px;\">\n \/* Les personnes r\u00e9elles ne devraient pas remplir ce formulaire et s'attendre \u00e0 de bonnes choses - ne le supprimez pas ou vous risquez de voir des robots s'inscrire dans le formulaire *\/.\n        <input type=\"text\" name=\"b_a35adfb3bc140d8b8140b0be7_921f131149\" tabindex=\"-1\" value=\"\">\n    <\/div>\n        <div class=\"optionalParent\">\n            <div class=\"clear foot\">\n                <input type=\"submit\" name=\"subscribe\" id=\"mc-embedded-subscribe\" class=\"button\" value=\"S'abonner\">\n                <p style=\"margin: 0px auto;\"><a href=\"http:\/\/eepurl.com\/iFx9s2\" title=\"Mailchimp - Le marketing par courriel rendu facile et amusant\"><span style=\"display: inline-block; background-color: transparent; border-radius: 4px;\"><img decoding=\"async\" class=\"refferal_badge\" src=\"https:\/\/digitalasset.intuit.com\/render\/content\/dam\/intuit\/mc-fe\/en_us\/images\/intuit-mc-rewards-text-dark.svg\" alt=\"Intuit Mailchimp\" style=\"width: 220px; height: 40px; display: flex; padding: 2px 0px; justify-content: center; align-items: center;\"><\/span><\/a><\/p>\n            <\/div>\n        <\/div>\n    <\/div>\n<\/form>\n<\/div>\n<script type=\"text\/javascript\" src=\"\/\/s3.amazonaws.com\/downloads.mailchimp.com\/js\/mc-validate.js\"><\/script><script type=\"text\/javascript\">(function($) {window.fnames = new Array(); window.ftypes = new Array();fnames[0]='EMAIL';ftypes[0]='email';fnames[1]='FNAME';ftypes[1]='text';fnames[2]='LNAME';ftypes[2]='text';fnames[3]='ADDRESS';ftypes[3]='address';fnames[4]='PHONE';ftypes[4]='phone';fnames[5]='BIRTHDAY';ftypes[5]='birthday';}(jQuery));var $mcj = jQuery.noConflict(true);<\/script><\/div>\n\t\t\t\t<\/div>\n\t\t\t\t<\/div>\n\t\t\t\t\t<\/div>\n\t\t\t\t<\/div>\n\t\t\t\t<\/div>\n\t\t","protected":false},"excerpt":{"rendered":"<p>ressources VETRINE s&rsquo;engage \u00e0 d\u00e9velopper les ressources n\u00e9cessaires \u00e0 la communaut\u00e9 T&amp;C. Au fur et \u00e0 mesure de l&rsquo;avancement du projet, vous trouverez sur cette page un nombre croissant de documents utiles, de listes et, \u00e9ventuellement, de modules d&rsquo;apprentissage. Vous ne voulez pas manquer la&#8230;<\/p>\n","protected":false},"author":1,"featured_media":0,"parent":0,"menu_order":0,"comment_status":"closed","ping_status":"closed","template":"","meta":{"content-type":"","footnotes":""},"class_list":["post-3109","page","type-page","status-publish","hentry"],"yoast_head":"<!-- This site is optimized with the Yoast SEO plugin v26.4 - https:\/\/yoast.com\/wordpress\/plugins\/seo\/ -->\n<title>Ressources - Vetrine<\/title>\n<meta name=\"description\" content=\"D\u00e9couvrez des documents utiles, des listes et des modules d&#039;apprentissage du projet Vetrine dans le domaine de l&#039;industrie T&amp;C durable.\" \/>\n<meta name=\"robots\" content=\"index, follow, max-snippet:-1, max-image-preview:large, max-video-preview:-1\" \/>\n<link rel=\"canonical\" href=\"https:\/\/vetrine.eu\/fr\/ressources\" \/>\n<meta property=\"og:locale\" content=\"fr_FR\" \/>\n<meta property=\"og:type\" content=\"article\" \/>\n<meta property=\"og:title\" content=\"Ressources - Vetrine\" \/>\n<meta property=\"og:description\" content=\"D\u00e9couvrez des documents utiles, des listes et des modules d&#039;apprentissage du projet Vetrine dans le domaine de l&#039;industrie T&amp;C durable.\" \/>\n<meta property=\"og:url\" content=\"https:\/\/vetrine.eu\/fr\/ressources\" \/>\n<meta property=\"og:site_name\" content=\"Vetrine\" \/>\n<meta property=\"article:publisher\" content=\"https:\/\/www.facebook.com\/vetrine.eu\" \/>\n<meta property=\"article:modified_time\" content=\"2024-05-21T15:35:09+00:00\" \/>\n<meta property=\"og:image\" content=\"https:\/\/vetrine.eu\/wp-content\/uploads\/2024\/05\/vetrine-study.jpg\" \/>\n<meta name=\"twitter:card\" content=\"summary_large_image\" \/>\n<meta name=\"twitter:label1\" content=\"Dur\u00e9e de lecture estim\u00e9e\" \/>\n\t<meta name=\"twitter:data1\" content=\"1 minute\" \/>\n<script type=\"application\/ld+json\" class=\"yoast-schema-graph\">{\"@context\":\"https:\/\/schema.org\",\"@graph\":[{\"@type\":\"WebPage\",\"@id\":\"https:\/\/vetrine.eu\/fr\/ressources\",\"url\":\"https:\/\/vetrine.eu\/fr\/ressources\",\"name\":\"Ressources - Vetrine\",\"isPartOf\":{\"@id\":\"https:\/\/vetrine.eu\/fr#website\"},\"primaryImageOfPage\":{\"@id\":\"https:\/\/vetrine.eu\/fr\/ressources#primaryimage\"},\"image\":{\"@id\":\"https:\/\/vetrine.eu\/fr\/ressources#primaryimage\"},\"thumbnailUrl\":\"https:\/\/vetrine.eu\/wp-content\/uploads\/2024\/05\/vetrine-study.jpg\",\"datePublished\":\"2023-12-05T13:37:18+00:00\",\"dateModified\":\"2024-05-21T15:35:09+00:00\",\"description\":\"D\u00e9couvrez des documents utiles, des listes et des modules d'apprentissage du projet Vetrine dans le domaine de l'industrie T&C durable.\",\"breadcrumb\":{\"@id\":\"https:\/\/vetrine.eu\/fr\/ressources#breadcrumb\"},\"inLanguage\":\"fr-FR\",\"potentialAction\":[{\"@type\":\"ReadAction\",\"target\":[\"https:\/\/vetrine.eu\/fr\/ressources\"]}]},{\"@type\":\"ImageObject\",\"inLanguage\":\"fr-FR\",\"@id\":\"https:\/\/vetrine.eu\/fr\/ressources#primaryimage\",\"url\":\"https:\/\/vetrine.eu\/wp-content\/uploads\/2024\/05\/vetrine-study.jpg\",\"contentUrl\":\"https:\/\/vetrine.eu\/wp-content\/uploads\/2024\/05\/vetrine-study.jpg\"},{\"@type\":\"BreadcrumbList\",\"@id\":\"https:\/\/vetrine.eu\/fr\/ressources#breadcrumb\",\"itemListElement\":[{\"@type\":\"ListItem\",\"position\":1,\"name\":\"Home\",\"item\":\"https:\/\/vetrine.eu\/fr\"},{\"@type\":\"ListItem\",\"position\":2,\"name\":\"Ressources\"}]},{\"@type\":\"WebSite\",\"@id\":\"https:\/\/vetrine.eu\/fr#website\",\"url\":\"https:\/\/vetrine.eu\/fr\",\"name\":\"Vetrine\",\"description\":\"Vocational Education &amp; Training towards re-inventing apparel procedures\",\"publisher\":{\"@id\":\"https:\/\/vetrine.eu\/fr#organization\"},\"potentialAction\":[{\"@type\":\"SearchAction\",\"target\":{\"@type\":\"EntryPoint\",\"urlTemplate\":\"https:\/\/vetrine.eu\/fr?s={search_term_string}\"},\"query-input\":{\"@type\":\"PropertyValueSpecification\",\"valueRequired\":true,\"valueName\":\"search_term_string\"}}],\"inLanguage\":\"fr-FR\"},{\"@type\":\"Organization\",\"@id\":\"https:\/\/vetrine.eu\/fr#organization\",\"name\":\"Vetrine\",\"url\":\"https:\/\/vetrine.eu\/fr\",\"logo\":{\"@type\":\"ImageObject\",\"inLanguage\":\"fr-FR\",\"@id\":\"https:\/\/vetrine.eu\/fr#\/schema\/logo\/image\/\",\"url\":\"https:\/\/vetrine.eu\/wp-content\/uploads\/2023\/11\/Vetrine-colore.png\",\"contentUrl\":\"https:\/\/vetrine.eu\/wp-content\/uploads\/2023\/11\/Vetrine-colore.png\",\"width\":3736,\"height\":3918,\"caption\":\"Vetrine\"},\"image\":{\"@id\":\"https:\/\/vetrine.eu\/fr#\/schema\/logo\/image\/\"},\"sameAs\":[\"https:\/\/www.facebook.com\/vetrine.eu\",\"https:\/\/www.instagram.com\/vetrine_eu\",\"https:\/\/www.linkedin.com\/company\/vetrine-eu\/about\/\"]}]}<\/script>\n<!-- \/ Yoast SEO plugin. -->","yoast_head_json":{"title":"Ressources - Vetrine","description":"D\u00e9couvrez des documents utiles, des listes et des modules d'apprentissage du projet Vetrine dans le domaine de l'industrie T&C durable.","robots":{"index":"index","follow":"follow","max-snippet":"max-snippet:-1","max-image-preview":"max-image-preview:large","max-video-preview":"max-video-preview:-1"},"canonical":"https:\/\/vetrine.eu\/fr\/ressources","og_locale":"fr_FR","og_type":"article","og_title":"Ressources - Vetrine","og_description":"D\u00e9couvrez des documents utiles, des listes et des modules d'apprentissage du projet Vetrine dans le domaine de l'industrie T&C durable.","og_url":"https:\/\/vetrine.eu\/fr\/ressources","og_site_name":"Vetrine","article_publisher":"https:\/\/www.facebook.com\/vetrine.eu","article_modified_time":"2024-05-21T15:35:09+00:00","og_image":[{"url":"https:\/\/vetrine.eu\/wp-content\/uploads\/2024\/05\/vetrine-study.jpg","type":"","width":"","height":""}],"twitter_card":"summary_large_image","twitter_misc":{"Dur\u00e9e de lecture estim\u00e9e":"1 minute"},"schema":{"@context":"https:\/\/schema.org","@graph":[{"@type":"WebPage","@id":"https:\/\/vetrine.eu\/fr\/ressources","url":"https:\/\/vetrine.eu\/fr\/ressources","name":"Ressources - Vetrine","isPartOf":{"@id":"https:\/\/vetrine.eu\/fr#website"},"primaryImageOfPage":{"@id":"https:\/\/vetrine.eu\/fr\/ressources#primaryimage"},"image":{"@id":"https:\/\/vetrine.eu\/fr\/ressources#primaryimage"},"thumbnailUrl":"https:\/\/vetrine.eu\/wp-content\/uploads\/2024\/05\/vetrine-study.jpg","datePublished":"2023-12-05T13:37:18+00:00","dateModified":"2024-05-21T15:35:09+00:00","description":"D\u00e9couvrez des documents utiles, des listes et des modules d'apprentissage du projet Vetrine dans le domaine de l'industrie T&C durable.","breadcrumb":{"@id":"https:\/\/vetrine.eu\/fr\/ressources#breadcrumb"},"inLanguage":"fr-FR","potentialAction":[{"@type":"ReadAction","target":["https:\/\/vetrine.eu\/fr\/ressources"]}]},{"@type":"ImageObject","inLanguage":"fr-FR","@id":"https:\/\/vetrine.eu\/fr\/ressources#primaryimage","url":"https:\/\/vetrine.eu\/wp-content\/uploads\/2024\/05\/vetrine-study.jpg","contentUrl":"https:\/\/vetrine.eu\/wp-content\/uploads\/2024\/05\/vetrine-study.jpg"},{"@type":"BreadcrumbList","@id":"https:\/\/vetrine.eu\/fr\/ressources#breadcrumb","itemListElement":[{"@type":"ListItem","position":1,"name":"Home","item":"https:\/\/vetrine.eu\/fr"},{"@type":"ListItem","position":2,"name":"Ressources"}]},{"@type":"WebSite","@id":"https:\/\/vetrine.eu\/fr#website","url":"https:\/\/vetrine.eu\/fr","name":"Vetrine","description":"Vocational Education &amp; Training towards re-inventing apparel procedures","publisher":{"@id":"https:\/\/vetrine.eu\/fr#organization"},"potentialAction":[{"@type":"SearchAction","target":{"@type":"EntryPoint","urlTemplate":"https:\/\/vetrine.eu\/fr?s={search_term_string}"},"query-input":{"@type":"PropertyValueSpecification","valueRequired":true,"valueName":"search_term_string"}}],"inLanguage":"fr-FR"},{"@type":"Organization","@id":"https:\/\/vetrine.eu\/fr#organization","name":"Vetrine","url":"https:\/\/vetrine.eu\/fr","logo":{"@type":"ImageObject","inLanguage":"fr-FR","@id":"https:\/\/vetrine.eu\/fr#\/schema\/logo\/image\/","url":"https:\/\/vetrine.eu\/wp-content\/uploads\/2023\/11\/Vetrine-colore.png","contentUrl":"https:\/\/vetrine.eu\/wp-content\/uploads\/2023\/11\/Vetrine-colore.png","width":3736,"height":3918,"caption":"Vetrine"},"image":{"@id":"https:\/\/vetrine.eu\/fr#\/schema\/logo\/image\/"},"sameAs":["https:\/\/www.facebook.com\/vetrine.eu","https:\/\/www.instagram.com\/vetrine_eu","https:\/\/www.linkedin.com\/company\/vetrine-eu\/about\/"]}]}},"_links":{"self":[{"href":"https:\/\/vetrine.eu\/fr\/wp-json\/wp\/v2\/pages\/3109","targetHints":{"allow":["GET"]}}],"collection":[{"href":"https:\/\/vetrine.eu\/fr\/wp-json\/wp\/v2\/pages"}],"about":[{"href":"https:\/\/vetrine.eu\/fr\/wp-json\/wp\/v2\/types\/page"}],"author":[{"embeddable":true,"href":"https:\/\/vetrine.eu\/fr\/wp-json\/wp\/v2\/users\/1"}],"replies":[{"embeddable":true,"href":"https:\/\/vetrine.eu\/fr\/wp-json\/wp\/v2\/comments?post=3109"}],"version-history":[{"count":1,"href":"https:\/\/vetrine.eu\/fr\/wp-json\/wp\/v2\/pages\/3109\/revisions"}],"predecessor-version":[{"id":3110,"href":"https:\/\/vetrine.eu\/fr\/wp-json\/wp\/v2\/pages\/3109\/revisions\/3110"}],"wp:attachment":[{"href":"https:\/\/vetrine.eu\/fr\/wp-json\/wp\/v2\/media?parent=3109"}],"curies":[{"name":"wp","href":"https:\/\/api.w.org\/{rel}","templated":true}]}}